{"id":43,"date":"2023-11-24T14:08:16","date_gmt":"2023-11-24T13:08:16","guid":{"rendered":"http:\/\/nogalski.com\/?page_id=43"},"modified":"2025-06-24T17:28:55","modified_gmt":"2025-06-24T15:28:55","slug":"mesmerize","status":"publish","type":"page","link":"http:\/\/nogalski.com\/","title":{"rendered":"Front Page"},"content":{"rendered":"<div  data-label=\"O nas\" data-id=\"content--1\" data-export-id=\"content-12\" data-category=\"content\" class=\"content-12 content-section content-section-spacing\" id=\"o-nas\" style=\"background-color: rgb(255, 255, 255); background-image: none;\"><div  class=\"gridContainer\"> <div  class=\"row text-center\"><div  class=\"section-title-col\" data-type=\"column\"> <h2  class=\"\">O nas<\/h2> <p  class=\"lead\">Istniejemy na rynku od 1993 roku i wsp\u00f3\u0142pracujemy z wieloma firmami z wojew\u00f3dztwa kujawsko \u2013 pomorskiego. Nasza firma pocz\u0105tkowo \u015bwiadczy\u0142a us\u0142ugi transportowe z czasem poszerzy\u0142a zakres dzia\u0142a\u0144 o us\u0142ugi maszynami budowlanymi. Obecnie, w g\u0142\u00f3wnej mierze zajmujemy si\u0119 \u015bwiadczeniem us\u0142ug transportowych na terenie kraju i Europy Zachodniej. Dysponujemy zestawami typu ruchoma pod\u0142oga (walking floor) do transportu trocin, zr\u0119bek, biomasy, odpad\u00f3w, z\u0142omu kolorowego. Wykonujemy r\u00f3wnie\u017c kompleksowe us\u0142ugi: wykopy, prace ziemne, prace rozbi\u00f3rkowe, naprawy dr\u00f3g oraz us\u0142ugi transportowe i maszynami budowlanymi. D\u0142ugoletnie do\u015bwiadczenie zawodowe w bran\u017cy, znajomo\u015b\u0107 \u015brodowiska budowla\u0144c\u00f3w, bardzo dobre referencje od naszych zleceniodawc\u00f3w w po\u0142\u0105czeniu z umiej\u0119tno\u015bciami operator\u00f3w maszyn i do\u015bwiadczeniem pracownik\u00f3w procentuje wysok\u0105 jako\u015bci\u0105 \u015bwiadczonych przez nasz\u0105 firm\u0119 us\u0142ug.<\/p><\/div> <\/div> <div  class=\"row center-xs middle-xs\"> <div  class=\"col-sm-9\" data-type=\"column\"> <img  decoding=\"async\" class=\"shadow-large\" src=\"http:\/\/nogalski.com\/wp-content\/uploads\/2023\/12\/cropped-cropped-cropped-nogalski_logo-e1701695496894.jpg\" title=\"nogalski_logo\" alt=\"\"><\/div> <\/div><\/div> <\/div><div  id=\"uslugi\" style=\"background-color: rgb(245, 250, 253); background-image: none;\" data-label=\"Uslugi\" data-id=\"content-2\" data-export-id=\"content-2\" data-category=\"content\" class=\"content-2 content-section content-section-spacing\"><div  class=\"\"> <div  class=\"row middle-xs\"><div  class=\"col-sm-5 bg-image shadow-large-black\" data-bg=\"image\" style=\"background-image: url(&quot;http:\/\/nogalski.com\/wp-content\/uploads\/2023\/11\/cropped-koparko-ladowarka-wczasie-rozladunku-naszego-dafa-1-scaled-2.jpg&quot;);\"><\/div> <div  class=\"col-sm-7 full-col-left-padding full-col-right-padding\"> <div  class=\"row\"> <div  data-type=\"column\" class=\"space-bottom-small content-title-col\">  <h2  class=\"\">Us\u0142ugi transportowe<\/h2> <\/div> <\/div> <div  class=\"row spaced-cols \" data-type=\"row\"> <div  class=\"col-xs-6 col-md-12\" data-type=\"column\">  <p  class=\"lead\">Nasza wyspecjalizowana kadra kierowc\u00f3w zna potrzeby rynku i jest gotowa \ndo obs\u0142ugi zlece\u0144 transportowych na terenie kraju i Europy Zachodniej.<br >\n    Zestawami typu ruchoma pod\u0142oga (walking floor) przewieziemy m. in : \nzr\u0119bki, trociny, biomas\u0119, odpady, z\u0142om kolorowy. Za\u0142adujemy i \nprzetransportujemy r\u00f3wnie\u017c materia\u0142y sypkie, palety, piasek, \u017cwir, \nposp\u00f3\u0142k\u0119, szlak\u0119, ziemi\u0119, torf, kamie\u0144 wapienny i inne.<\/p><\/div>    <\/div><\/div> <\/div><\/div> <\/div><div  id=\"content-14\" style=\"background-color: #ffffff;\" data-label=\"Content\" data-id=\"content-3\" data-export-id=\"content-3\" data-category=\"content\" class=\"content-3 content-section content-section-spacing\"><div  class=\"\"> <div  class=\"row middle-xs\"><div  class=\"col-sm-7 full-col-left-padding full-col-right-padding\"> <div  class=\"row\"><div  data-type=\"column\" class=\"space-bottom-small content-title-col\">  <h2  class=\"\">Us\u0142ugi budowlane<\/h2> <\/div> <\/div> <div  class=\"row spaced-cols content-center-sm\" data-type=\"row\">    <div  class=\"col-xs-6 col-md-12\" data-type=\"column\"> <p  class=\"lead\">&nbsp;&nbsp;&nbsp; Dysponujemy do\u015bwiadczon\u0105 obs\u0142ug\u0105 operatorsk\u0105 i pracownikami budowlanymi.<br >&nbsp;&nbsp;&nbsp; Wykonujemy r\u00f3wnie\u017c, poza wynajmem sprz\u0119tu, kompleksowe us\u0142ugi budowlane na zlecenie typu: wykopy ziemne pod budowle i budynki (r\u00f3wnie\u017c w systemie obmiarowym), wykopy pod stawy rybne i rekreacyjne, za\u0142adunek i transport materia\u0142\u00f3w budowlanych, prace rozbi\u00f3rkowe budowli oraz budynk\u00f3w, makroniwelacje teren\u00f3w, remonty oraz budowa dr\u00f3g wiejskich. Zajmujemy si\u0119 r\u00f3wnie\u017c budow\u0105 i napraw\u0105 sieci wodoci\u0105gowych, kanalizacyjnych oraz melioryzacyjnych a tak\u017ce od\u015bnie\u017caniem dr\u00f3g.<br >&nbsp;&nbsp;&nbsp; W naszej ofercie posiadamy r\u00f3wnie\u017c mieszkania pod wynajem.<\/p><\/div> <\/div><\/div> <div  class=\"col-sm-5 bg-image shadow-large-black revert-classes-holder\" data-bg=\"image\" style=\"background-image: url(&quot;http:\/\/nogalski.com\/wp-content\/uploads\/2023\/11\/cropped-cropped-DSCN2957-scaled-1.jpg&quot;);\"><\/div><\/div> <\/div><\/div><div  id=\"praca\" style=\"background-color: #f5fafd;\" data-label=\"Praca\" data-id=\"about-1\" data-export-id=\"about-1\" data-category=\"about\" class=\"about-1 content-section\"><div  class=\"gridContainer\"> <div  class=\"row text-center\"><div  class=\"section-title-col\" data-type=\"column\">  <h2  class=\"\">Praca<\/h2> <p  class=\"lead\">Zatrudnimy kierowc\u00f3w z kat.C+E na ruchom\u0105 pod\u0142og\u0119. Praca TYLKO I WY\u0141\u0104CZNIE po Polsce (lub tylko na terenie wojew\u00f3dztwa kujawsko-pomorskiego). Kursy maksymalnie 2\u2013dniowe. Soboty i niedziele wolne. Kierowcy pracuj\u0105cy u nas od kilku lat s\u0142u\u017c\u0105 pomoc\u0105 i rad\u0105. Fajna kole\u017ce\u0144ska atmosfera. Zapraszamy do kontaktu pod nr: 502 713 130<\/p><\/div> <\/div> <div  class=\"row\"> <div  class=\"button-holder space-bottom space-bottom-small\" data-type=\"column\"><p  class=\"\"><\/p> <\/div> <div  class=\"col-xs bottom-xs flexbox image-group-bottom-3-img space-bottom-xs center-xs\"> <img  decoding=\"async\" class=\"left-img shadow-large-black\" data-size=\"500x300\" src=\"http:\/\/nogalski.com\/wp-content\/uploads\/2023\/12\/cropped-jay-huang-aeouwx28n6M-unsplash-scaled-1.jpg\" title=\"jay-huang-aeouwx28n6M-unsplash\" alt=\"\"> <img  decoding=\"async\" class=\"center-img shadow-large-black\" data-size=\"500x300\" src=\"http:\/\/nogalski.com\/wp-content\/uploads\/2023\/12\/cropped-DSCN3419.jpg\" title=\"cropped-DSCN3419.jpg\" alt=\"\"> <img  decoding=\"async\" class=\"right-img shadow-large-black\" data-size=\"500x300\" src=\"http:\/\/nogalski.com\/wp-content\/uploads\/2023\/12\/cropped-sven-brandsma-YnSWpIPX3pE-unsplash-scaled-1.jpg\" title=\"sven-brandsma-YnSWpIPX3pE-unsplash\" alt=\"\"><\/div> <\/div><\/div> <\/div><div  data-label=\"Clients\" data-id=\"clients--1\" data-export-id=\"clients-4\" data-category=\"clients\" class=\"clients-4 content-section content-section-spacing-small\" id=\"clients-1\" style=\"background-color: rgb(245, 250, 253);\"><div  class=\"\"> <div  class=\"row\"><div  data-type=\"column\" class=\"section-title-col\"><p  class=\"\"><\/p>  <\/div> <\/div> <div  data-type=\"row\" class=\"row spaced-cols middle-xs center-xs space-bottom padding-lr\"> <div  class=\"col-xs-6 col-sm-2 col-md-3\"> <img  decoding=\"async\" src=\"http:\/\/nogalski.com\/wp-content\/uploads\/2023\/12\/DAF_logo_PNG1.png\" class=\"\" title=\"DAF_logo_PNG1\" alt=\"\"><\/div> <div  class=\"col-xs-6 col-sm-2 col-md-3\"> <img  decoding=\"async\" src=\"http:\/\/nogalski.com\/wp-content\/uploads\/2023\/12\/Mercedes_logo_PNG2.png\" class=\"\" title=\"Mercedes_logo_PNG2\" alt=\"\"><\/div> <div  class=\"col-xs-6 col-sm-2 col-md-3\"> <img  decoding=\"async\" src=\"http:\/\/nogalski.com\/wp-content\/uploads\/2023\/12\/Scania_logo_PNG2.png\" class=\"\" title=\"Scania_logo_PNG2\" alt=\"\"><\/div> <div  class=\"col-xs-6 col-sm-2 col-md-3\"> <img  decoding=\"async\" src=\"http:\/\/nogalski.com\/wp-content\/uploads\/2023\/12\/JCB_logo_PNG15.png\" class=\"\" title=\"JCB_logo_PNG15\" alt=\"\"><\/div>   <\/div><\/div> <\/div><div  id=\"overlappable-4\" style=\"background-color: #ffffff;\" data-label=\"Overlappable\" data-id=\"overlappable-4\" data-export-id=\"overlappable-4\" data-category=\"overlappable\" class=\"overlappable-4 content-section content-section-spacing\" data-overlap=\"true\"><div  class=\"\"> <div  data-type=\"row\" class=\"row spaced-cols text-center\">  <div  class=\"col-xs-12 col-sm-4 col-padding col-md-6 \">  <div  data-type=\"column\" class=\"\"><img  decoding=\"async\" class=\"custom-image\" src=\"http:\/\/nogalski.com\/wp-content\/uploads\/2023\/12\/tablica_na-strone-e1624007017289.jpg\" title=\"tablica_na-stron\u0119-e1624007017289\" alt=\"\"> <\/div> <\/div><div  class=\"col-xs-12 col-sm-4 col-padding col-md-6\">  <div  data-type=\"column\" class=\"\"><img  decoding=\"async\" class=\"custom-image\" src=\"http:\/\/nogalski.com\/wp-content\/uploads\/2023\/12\/tablica-v.12.jpg\" title=\"tablica-v.12\" alt=\"\"> <\/div> <\/div><\/div> <\/div><\/div><div  data-label=\"Kontakt\" data-id=\"features--1\" data-export-id=\"features-13\" data-category=\"features\" class=\"features-13 content-section content-section-spacing\" id=\"kontakt\" style=\"background-color: rgb(245, 250, 253);\"><div  class=\"\"> <div  class=\"row text-center\"><div  class=\"section-title-col\" data-type=\"column\"> <h2  class=\"\">Kontakt<\/h2> <\/div> <\/div> <div  class=\"row spaced-cols\" data-type=\"row\"> <div  class=\"col col-sm-6 space-bottom col-md-4\"> <i  class=\"fa icon color1 fa-map-marker bordered round big\"><\/i> <h4  class=\"\">Grubno 38\n<br >86-212 Grubno<\/h4>  <\/div> <div  class=\"col col-sm-6 space-bottom col-md-4\"><i  class=\"fa icon color1 fa-envelope bordered round big\"><\/i> <h4  class=\"\">biuro@nogalski.com<\/h4>  <\/div> <div  class=\"col col-sm-6 space-bottom col-md-4\"><i  class=\"fa icon color1 fa-mobile-phone bordered round big\"><\/i> <h4  class=\"\">502 713 130<\/h4>  <\/div>  <\/div><\/div> <\/div>","protected":false},"excerpt":{"rendered":"<p>O nas Istniejemy na rynku od 1993 roku i wsp\u00f3\u0142pracujemy z wieloma firmami z wojew\u00f3dztwa kujawsko \u2013 pomorskiego. Nasza firma pocz\u0105tkowo \u015bwiadczy\u0142a us\u0142ugi transportowe z czasem poszerzy\u0142a zakres dzia\u0142a\u0144 o us\u0142ugi maszynami budowlanymi. Obecnie, w g\u0142\u00f3wnej mierze zajmujemy si\u0119 \u015bwiadczeniem us\u0142ug transportowych na terenie kraju i Europy Zachodniej. Dysponujemy zestawami typu ruchoma pod\u0142oga (walking floor)&hellip; <br \/> <a class=\"read-more\" href=\"http:\/\/nogalski.com\/\">Dowiedz si\u0119 wi\u0119cej<\/a><\/p>\n","protected":false},"author":1,"featured_media":0,"parent":0,"menu_order":0,"comment_status":"closed","ping_status":"closed","template":"page-templates\/homepage.php","meta":{"footnotes":""},"class_list":["post-43","page","type-page","status-publish","hentry"],"_links":{"self":[{"href":"http:\/\/nogalski.com\/index.php?rest_route=\/wp\/v2\/pages\/43","targetHints":{"allow":["GET"]}}],"collection":[{"href":"http:\/\/nogalski.com\/index.php?rest_route=\/wp\/v2\/pages"}],"about":[{"href":"http:\/\/nogalski.com\/index.php?rest_route=\/wp\/v2\/types\/page"}],"author":[{"embeddable":true,"href":"http:\/\/nogalski.com\/index.php?rest_route=\/wp\/v2\/users\/1"}],"replies":[{"embeddable":true,"href":"http:\/\/nogalski.com\/index.php?rest_route=%2Fwp%2Fv2%2Fcomments&post=43"}],"version-history":[{"count":23,"href":"http:\/\/nogalski.com\/index.php?rest_route=\/wp\/v2\/pages\/43\/revisions"}],"predecessor-version":[{"id":151,"href":"http:\/\/nogalski.com\/index.php?rest_route=\/wp\/v2\/pages\/43\/revisions\/151"}],"wp:attachment":[{"href":"http:\/\/nogalski.com\/index.php?rest_route=%2Fwp%2Fv2%2Fmedia&parent=43"}],"curies":[{"name":"wp","href":"https:\/\/api.w.org\/{rel}","templated":true}]}}